{"id":118118,"date":"2023-02-07T12:23:43","date_gmt":"2023-02-07T10:23:43","guid":{"rendered":"https:\/\/bcu.cat\/politica-de-cookies\/"},"modified":"2023-07-10T14:46:54","modified_gmt":"2023-07-10T12:46:54","slug":"politica-de-cookies","status":"publish","type":"page","link":"https:\/\/bcu.cat\/ca\/politica-de-cookies\/","title":{"rendered":"Pol\u00edtica de Cookies"},"content":{"rendered":"<p>[et_pb_section fb_built=&#8221;1&#8243; _builder_version=&#8221;4.19.5&#8243; _module_preset=&#8221;default&#8221; background_enable_color=&#8221;off&#8221; use_background_color_gradient=&#8221;on&#8221; background_color_gradient_stops=&#8221;#090060 16%|#009ee0 100%&#8221; background_image=&#8221;https:\/\/bcu.cat\/wp-content\/uploads\/2023\/02\/politicadeprivacidad.jpg&#8221; background_position=&#8221;top_center&#8221; background_vertical_offset=&#8221;26%&#8221; background_blend=&#8221;multiply&#8221; min_height=&#8221;451px&#8221; custom_margin=&#8221;-87px||||false|false&#8221; custom_padding=&#8221;||0px|||&#8221; hover_enabled=&#8221;0&#8243; global_colors_info=&#8221;{}&#8221; sticky_enabled=&#8221;0&#8243;][et_pb_row _builder_version=&#8221;4.20.4&#8243; _module_preset=&#8221;default&#8221; custom_padding=&#8221;145px||110px||false|&#8221; hover_enabled=&#8221;0&#8243; global_colors_info=&#8221;{}&#8221; sticky_enabled=&#8221;0&#8243;][et_pb_column type=&#8221;4_4&#8243; _builder_version=&#8221;4.18.0&#8243; _module_preset=&#8221;default&#8221; global_colors_info=&#8221;{}&#8221;][et_pb_text content_tablet=&#8221;<\/p>\n<h1>CONSELLS DE SEGURETAT<\/h1>\n<p>&#8221; content_phone=&#8221;<\/p>\n<h1>CONSELLS DE SEGURETAT<\/h1>\n<p>&#8221; content_last_edited=&#8221;on|phone&#8221; _builder_version=&#8221;4.20.4&#8243; _module_preset=&#8221;default&#8221; text_font_size=&#8221;21px&#8221; header_text_color=&#8221;#FFFFFF&#8221; header_font_size=&#8221;63px&#8221; hover_enabled=&#8221;0&#8243; header_font_size_tablet=&#8221;63px&#8221; header_font_size_phone=&#8221;46px&#8221; header_font_size_last_edited=&#8221;on|phone&#8221; global_colors_info=&#8221;{}&#8221; sticky_enabled=&#8221;0&#8243;]<\/p>\n<h1>POL\u00cdTICA DE COOKIES<\/h1>\n<p>[\/et_pb_text][\/et_pb_column][\/et_pb_row][\/et_pb_section][et_pb_section fb_built=&#8221;1&#8243; admin_label=&#8221;Logobcuhousing&#8221; _builder_version=&#8221;4.19.5&#8243; _module_preset=&#8221;default&#8221; background_color=&#8221;rgba(213,237,250,0.4)&#8221; background_image=&#8221;https:\/\/bcu.cat\/wp-content\/uploads\/2022\/10\/high-school_22.png&#8221; background_size=&#8221;initial&#8221; background_position=&#8221;top_left&#8221; background_repeat=&#8221;repeat-x&#8221; custom_padding=&#8221;18px||18px||true|&#8221; global_colors_info=&#8221;{}&#8221;][et_pb_row column_structure=&#8221;1_3,2_3&#8243; _builder_version=&#8221;4.18.0&#8243; _module_preset=&#8221;default&#8221; global_colors_info=&#8221;{}&#8221;][et_pb_column type=&#8221;1_3&#8243; _builder_version=&#8221;4.18.0&#8243; _module_preset=&#8221;default&#8221; global_colors_info=&#8221;{}&#8221;][et_pb_image src=&#8221;https:\/\/bcu.cat\/wp-content\/uploads\/2023\/06\/BCU-cookies.svg&#8221; title_text=&#8221;BCU-cookies&#8221; _builder_version=&#8221;4.19.5&#8243; _module_preset=&#8221;default&#8221; global_colors_info=&#8221;{}&#8221;][\/et_pb_image][\/et_pb_column][et_pb_column type=&#8221;2_3&#8243; _builder_version=&#8221;4.18.0&#8243; _module_preset=&#8221;default&#8221; global_colors_info=&#8221;{}&#8221;][et_pb_text _builder_version=&#8221;4.19.5&#8243; _module_preset=&#8221;default&#8221; header_2_text_color=&#8221;#009EE0&#8243; global_colors_info=&#8221;{}&#8221;]<\/p>\n<h4>POL\u00cdTICA DE COOKIES<\/h4>\n<p>Una galeta \u00e9s un petit fitxer de text que s&#8217;emmagatzema al vostre navegador quan visita gaireb\u00e9 qualsevol p\u00e0gina web. La seva utilitat \u00e9s que la web sigui capa\u00e7 de recordar la vostra visita quan torneu a navegar per aquesta p\u00e0gina. Les cookies solen emmagatzemar informaci\u00f3 de car\u00e0cter t\u00e8cnic, prefer\u00e8ncies personals, personalitzaci\u00f3 de continguts, estad\u00edstiques d\u00fas, enlla\u00e7os a xarxes socials, acc\u00e9s a comptes dusuari, etc. L&#8217;objectiu de la galeta \u00e9s adaptar el contingut de la web al seu perfil i necessitats, sense galetes els serveis oferts per qualsevol p\u00e0gina es veurien minvats notablement. Si voleu consultar m\u00e9s informaci\u00f3 sobre qu\u00e8 s\u00f3n les cookies, qu\u00e8 emmagatzemen, com eliminar-les, desactivar-les, etc<\/p>\n<h4>COOKIES UTILITZADES EN AQUEST LLOC WEB<\/h4>\n<p>Seguint les directrius de l&#8217;Ag\u00e8ncia Espanyola de Protecci\u00f3 de Dades procedim a detallar l&#8217;\u00fas de cookies que fa aquesta web per tal d&#8217;informar-vos amb la m\u00e0xima exactitud possible.<\/p>\n<p><strong>*Aquest lloc web utilitza les seg\u00fcents galetes de tercers:<\/strong><\/p>\n<p><strong>Nom de la galeta:<\/strong>\u00a0_ga<\/p>\n<p><strong>Origen:<\/strong>\u00a0Google Analytics<\/p>\n<p>Habiliten la funci\u00f3 de control de visites \u00faniques. La primera vegada que un usuari entri al lloc web de Barcelona Centre Universitari a trav\u00e9s d&#8217;un navegador s&#8217;instal\u00b7lar\u00e0 aquesta galeta. Quan aquest usuari torni a entrar a la nostra p\u00e0gina amb el mateix navegador, la galeta considerar\u00e0 que \u00e9s el mateix usuari. Nom\u00e9s en cas que l&#8217;usuari canvi\u00ef de navegador, Google Analytics el considerar\u00e0 un altre usuari.<\/p>\n<p><strong>Nom de la galeta:<\/strong>\u00a0__utma<\/p>\n<p><strong>Origen:<\/strong>\u00a0Google Analytics<\/p>\n<p>S&#8217;utilitza per distingir usuaris i sessions. La galeta es crea quan s&#8217;executa la biblioteca JavaScript i no hi ha cap galeta __utma. La galeta s&#8217;actualitza cada cop que s&#8217;envien dades a Google Analytics.<\/p>\n<p><strong>Nom de la galeta:<\/strong>\u00a0__utmb<\/p>\n<p><strong>Origen:<\/strong>\u00a0Google Analytics<\/p>\n<p>S&#8217;usa per determinar noves sessions o visites. La galeta es crea quan s&#8217;executa la biblioteca JavaScript i no hi ha cap galeta __utmb. La galeta s&#8217;actualitza cada cop que s&#8217;envien dades a Google Analytics.<\/p>\n<p><strong>Nom de la galeta:<\/strong>\u00a0__utmc<\/p>\n<p><strong>Origen:<\/strong>\u00a0Google Analytics<\/p>\n<p>No es fa servir a ga.js. Es configura per interactuar amb urchin.js. Anteriorment, aquesta galeta actuava juntament amb la galeta\u00a0<code>__utmb<\/code>\u00a0per determinar si l&#8217;usuari estava en una nova sessi\u00f3 o visita.<\/p>\n<p><strong>Nom de la galeta:<\/strong>\u00a0__utmz<\/p>\n<p><strong>Origen:<\/strong>\u00a0Google Analytics<\/p>\n<p>Emmagatzema la font de tr\u00e0nsit o la campanya que explica com l&#8217;usuari ha arribat al lloc. La galeta es crea quan s&#8217;executa la biblioteca JavaScript i s&#8217;actualitza cada cop que s&#8217;envien dades a Google Analytics.<\/p>\n<p><strong>Nom de la galeta:<\/strong>\u00a0cookie_notice_accepted<\/p>\n<p><strong>Origen:<\/strong>\u00a0Llei de Cookies<\/p>\n<p>Aquesta galeta desa l&#8217;opci\u00f3 d&#8217;acceptar galetes al navegador de l&#8217;usuari.<\/p>\n<h4>DESACTIVACI\u00d3 O ELIMINACI\u00d3 DE COOKIES<\/h4>\n<p>En qualsevol moment podreu exercir el vostre dret de desactivaci\u00f3 o eliminaci\u00f3 de cookies d&#8217;aquest lloc web. Aquestes accions es realitzen de manera diferent en funci\u00f3 del navegador que utilitzeu. Aqu\u00ed li deixem una \u00a0<a href=\"https:\/\/bcu.cat\/mas-informacion-sobre-las-cookies\/\">guia r\u00e0pida per als navegadores m\u00e9s populars \u2192<\/a><\/p>\n<h4>NOTES ADDICIONALS<\/h4>\n<p>Ni aquesta web ni els seus representants legals es fan responsables ni del contingut ni de la veracitat de les pol\u00edtiques de privadesa que puguin tenir els tercers esmentats en aquesta pol\u00edtica de cookies.<\/p>\n<p>Els navegadors web s\u00f3n les eines encarregades d&#8217;emmagatzemar les cookies i des d&#8217;aquest lloc ha d&#8217;efectuar el dret a eliminar-lo o desactivar-lo. Ni aquesta web ni els seus representants legals poden garantir la correcta o incorrecta manipulaci\u00f3 de les cookies per part dels navegadors esmentats.<\/p>\n<p>En alguns casos \u00e9s necessari instal\u00b7lar cookies perqu\u00e8 el navegador no oblidi la seva decisi\u00f3 de no acceptar-les.<\/p>\n<p>En el cas de les galetes de Google Analytics, aquesta empresa emmagatzema les galetes en servidors ubicats als Estats Units i es compromet a no compartir-la amb tercers, excepte en els casos en qu\u00e8 sigui necessari per al funcionament del sistema o quan la llei obligui a aquest efecte. Segons Google no desa la vostra adre\u00e7a IP. Google Inc. \u00e9s una companyia adherida a l&#8217;Acord de Port Segur que garanteix que totes les dades transferides seran tractades amb un nivell de protecci\u00f3 d&#8217;acord amb la normativa europea. Podeu consultar informaci\u00f3 detallada sobre aix\u00f2 en aquest\u00a0<a href=\"http:\/\/safeharbor.export.gov\/companyinfo.aspx?id=16626\" target=\"_blank\" rel=\"noopener\"> enlla\u00e7 \u2192<\/a>. Si voleu informaci\u00f3 sobre l&#8217;\u00fas que Google d\u00f3na a les cookies us adjuntem aquest altre\u00a0<a href=\"https:\/\/developers.google.com\/analytics\/devguides\/collection\/analyticsjs\/cookie-usage? hl=ca&amp;csw=1\" target=\"_blank\" rel=\"noopener\">enlla\u00e7 \u2192<\/a>.<\/p>\n<p>Per qualsevol dubte o consulta sobre aquesta pol\u00edtica de cookies no dubteu a comunicar-vos amb nosaltres a trav\u00e9s de la secci\u00f3 de contacte.<\/p>\n<p>[\/et_pb_text][\/et_pb_column][\/et_pb_row][\/et_pb_section]<\/p>\n","protected":false},"excerpt":{"rendered":"<p>POL\u00cdTICA DE COOKIESPOL\u00cdTICA DE COOKIES Una galeta \u00e9s un petit fitxer de text que s&#8217;emmagatzema al vostre navegador quan visita gaireb\u00e9 qualsevol p\u00e0gina web. La seva utilitat \u00e9s que la web sigui capa\u00e7 de recordar la vostra visita quan torneu a navegar per aquesta p\u00e0gina. Les cookies solen emmagatzemar informaci\u00f3 de car\u00e0cter t\u00e8cnic, prefer\u00e8ncies personals, [&hellip;]<\/p>\n","protected":false},"author":3,"featured_media":0,"parent":0,"menu_order":0,"comment_status":"closed","ping_status":"closed","template":"","meta":{"_et_pb_use_builder":"on","_et_pb_old_content":"","_et_gb_content_width":"","inline_featured_image":false,"footnotes":""},"class_list":["post-118118","page","type-page","status-publish","hentry"],"publishpress_future_action":{"enabled":false,"date":"2026-04-12 20:24:15","action":"change-status","newStatus":"draft","terms":[],"taxonomy":"translation_priority","extraData":[]},"publishpress_future_workflow_manual_trigger":{"enabledWorkflows":[]},"_links":{"self":[{"href":"https:\/\/bcu.cat\/ca\/wp-json\/wp\/v2\/pages\/118118","targetHints":{"allow":["GET"]}}],"collection":[{"href":"https:\/\/bcu.cat\/ca\/wp-json\/wp\/v2\/pages"}],"about":[{"href":"https:\/\/bcu.cat\/ca\/wp-json\/wp\/v2\/types\/page"}],"author":[{"embeddable":true,"href":"https:\/\/bcu.cat\/ca\/wp-json\/wp\/v2\/users\/3"}],"replies":[{"embeddable":true,"href":"https:\/\/bcu.cat\/ca\/wp-json\/wp\/v2\/comments?post=118118"}],"version-history":[{"count":0,"href":"https:\/\/bcu.cat\/ca\/wp-json\/wp\/v2\/pages\/118118\/revisions"}],"wp:attachment":[{"href":"https:\/\/bcu.cat\/ca\/wp-json\/wp\/v2\/media?parent=118118"}],"curies":[{"name":"wp","href":"https:\/\/api.w.org\/{rel}","templated":true}]}}