{"id":118138,"date":"2023-02-03T11:55:04","date_gmt":"2023-02-03T09:55:04","guid":{"rendered":"https:\/\/bcu.cat\/politica-de-privacitat\/"},"modified":"2025-10-23T13:12:24","modified_gmt":"2025-10-23T11:12:24","slug":"politica-de-privacitat","status":"publish","type":"page","link":"https:\/\/bcu.cat\/ca\/politica-de-privacitat\/","title":{"rendered":"POL\u00cdTICA DE PRIVACITAT"},"content":{"rendered":"<p>[et_pb_section fb_built=&#8221;1&#8243; _builder_version=&#8221;4.19.5&#8243; _module_preset=&#8221;default&#8221; background_enable_color=&#8221;off&#8221; use_background_color_gradient=&#8221;on&#8221; background_color_gradient_stops=&#8221;#090060 16%|#009ee0 100%&#8221; background_image=&#8221;https:\/\/bcu.cat\/wp-content\/uploads\/2023\/02\/politicadeprivacidad.jpg&#8221; background_position=&#8221;top_center&#8221; background_vertical_offset=&#8221;26%&#8221; background_blend=&#8221;multiply&#8221; min_height=&#8221;451px&#8221; custom_margin=&#8221;-87px||||false|false&#8221; custom_padding=&#8221;||0px|||&#8221; global_colors_info=&#8221;{}&#8221;][et_pb_row _builder_version=&#8221;4.20.4&#8243; _module_preset=&#8221;default&#8221; custom_padding=&#8221;145px||110px||false|&#8221; global_colors_info=&#8221;{}&#8221;][et_pb_column type=&#8221;4_4&#8243; _builder_version=&#8221;4.18.0&#8243; _module_preset=&#8221;default&#8221; global_colors_info=&#8221;{}&#8221;][et_pb_text content_tablet=&#8221;<\/p>\n<h1>CONSELLS DE SEGURETAT<\/h1>\n<p>&#8221; content_phone=&#8221;<\/p>\n<h1>CONSELLS DE SEGURETAT<\/h1>\n<p>&#8221; content_last_edited=&#8221;on|phone&#8221; _builder_version=&#8221;4.19.5&#8243; _module_preset=&#8221;default&#8221; text_font_size=&#8221;21px&#8221; header_text_color=&#8221;#FFFFFF&#8221; header_font_size=&#8221;63px&#8221; header_font_size_tablet=&#8221;63px&#8221; header_font_size_phone=&#8221;46px&#8221; header_font_size_last_edited=&#8221;on|phone&#8221; global_colors_info=&#8221;{}&#8221;]<\/p>\n<h1>POL\u00cdTICA DE PRIVACITAT<\/h1>\n<p>[\/et_pb_text][\/et_pb_column][\/et_pb_row][\/et_pb_section][et_pb_section fb_built=&#8221;1&#8243; admin_label=&#8221;POLITICA PRIVACITAT SECCI\u00d3&#8221; _builder_version=&#8221;4.21.0&#8243; _module_preset=&#8221;default&#8221; background_color=&#8221;rgba(213,237,250,0.4)&#8221; background_image=&#8221;https:\/\/bcu.cat\/wp-content\/uploads\/2022\/10\/high-school_22.png&#8221; background_size=&#8221;initial&#8221; background_position=&#8221;top_left&#8221; background_repeat=&#8221;repeat-x&#8221; custom_padding=&#8221;18px||18px||true|&#8221; global_colors_info=&#8221;{}&#8221;][et_pb_row column_structure=&#8221;1_3,2_3&#8243; admin_label=&#8221;FILA PRIVACITAT&#8221; _builder_version=&#8221;4.21.0&#8243; _module_preset=&#8221;default&#8221; global_colors_info=&#8221;{}&#8221;][et_pb_column type=&#8221;1_3&#8243; _builder_version=&#8221;4.18.0&#8243; _module_preset=&#8221;default&#8221; global_colors_info=&#8221;{}&#8221;][et_pb_image src=&#8221;https:\/\/bcu.cat\/wp-content\/uploads\/2023\/06\/BCU-CADENAT-POLITICA.svg&#8221; title_text=&#8221;BCU-CADENAT-POLITICA&#8221; src_tablet=&#8221;https:\/\/bcu.cat\/wp-content\/uploads\/2023\/06\/BCU-CADENAT-POLITICA.svg&#8221; src_phone=&#8221;https:\/\/bcu.cat\/wp-content\/uploads\/2023\/06\/BCU-CADENAT-POLITICA.svg&#8221; src_last_edited=&#8221;on|desktop&#8221; admin_label=&#8221;IMATGE PRIVACIDAD&#8221; _builder_version=&#8221;4.21.0&#8243; _module_preset=&#8221;default&#8221; global_colors_info=&#8221;{}&#8221;][\/et_pb_image][\/et_pb_column][et_pb_column type=&#8221;2_3&#8243; _builder_version=&#8221;4.18.0&#8243; _module_preset=&#8221;default&#8221; global_colors_info=&#8221;{}&#8221;][et_pb_text admin_label=&#8221;TEXT-PRIVACITAT&#8221; _builder_version=&#8221;4.27.4&#8243; _module_preset=&#8221;default&#8221; header_2_text_color=&#8221;#009EE0&#8243; global_colors_info=&#8221;{}&#8221;]<\/p>\n<p><strong>Pol\u00edtica de privacitat<\/strong><\/p>\n<p><\/p>\n<p>En compliment del REGLAMENT (UE) 2016\/679 DEL PARLAMENT EUROPEU I DEL CONSELL de 27 d\u2019abril de 2016, relatiu a la protecci\u00f3 de les persones f\u00edsiques pel que fa al tractament de dades personals i a la lliure circulaci\u00f3 d\u2019aquestes dades i a Llei Org\u00e0nica 3\/2018, de 5 de desembre, de protecci\u00f3 de dades Personals i garantia dels drets digitals, t\u2019informem que les dades personals captades mitjan\u00e7ant els formularis disponibles en aquesta p\u00e0gina web o mitjan\u00e7ant enviament de correu electr\u00f2nic seran tractades en els seg\u00fcents termes:<\/p>\n<p><\/p>\n<p><strong>Responsables del tractament<\/strong><\/p>\n<p><\/p>\n<p>El programa Barcelona Centre Universitari (BCU) \u00e9s una iniciativa conjunta promoguda per diverses entitats:<\/p>\n<p><\/p>\n<ul>\n<li>l\u2019Ajuntament de Barcelona,<\/li>\n<li>l\u2019Administraci\u00f3 de la Generalitat de Catalunya,<\/li>\n<li>la Universitat de Barcelona,<\/li>\n<li>la Universitat Aut\u00f2noma de Barcelona,<\/li>\n<li>la Universitat Polit\u00e8cnica de Catalunya,<\/li>\n<li>la Universitat Pompeu Fabra,<\/li>\n<li>la Universitat Ramon Llull,<\/li>\n<li>la Universitat Internacional de Catalunya,<\/li>\n<li>la Universitat Abat Oliba CEU,<\/li>\n<li>la Universitat de Vic \u2013 Universitat Central de Catalunya,<\/li>\n<li>la Fundaci\u00f3 Bosch i Gimpera<\/li>\n<\/ul>\n<p><\/p>\n<p>Aquesta iniciativa est\u00e0 destinada a fomentar l\u2019acollida de la comunitat universit\u00e0ria internacional, la qual compr\u00e8n estudiants, professorat i personal investigador, i tamb\u00e9 la promoci\u00f3 de la ciutat de Barcelona com a centre universitari internacional.<\/p>\n<p><\/p>\n<p>La Fundaci\u00f3 Bosch i Gimpera, mitj\u00e0 propi de la Universitat de Barcelona, porta a terme la gesti\u00f3 econ\u00f2mica i administrativa derivada de les activitats objecte del conveni del Barcelona Centre Universitari, i per tant, ser\u00e0 l\u00b4entitat encarregada de recollir les dades personals a trav\u00e9s d\u2019aquest lloc web, encara que els tractaments derivats del programa Barcelona Centre Universitari estan emmarcats dintre d\u00b4una relaci\u00f3 de corresponsabilitat entre les diferents entitats que formen part d\u00b4aquesta iniciativa.\u00a0<\/p>\n<p><\/p>\n<p><strong>Finalitats del tractament<\/strong><\/p>\n<p><\/p>\n<ul>\n<li>Donar resposta i gestionar les consultes, comentaris i suggeriments, que rebem a trav\u00e9s dels formularis i correus electr\u00f2nics facilitats a la nostra p\u00e0gina web.<\/li>\n<li><strong>Legitimaci\u00f3<\/strong>: L\u2019inter\u00e8s leg\u00edtim del responsable refor\u00e7at amb el seu consentiment expr\u00e9s manifestat amb la marcaci\u00f3 de la casella d\u00b4acceptaci\u00f3 o enviament del correu electr\u00f2nic. L\u2019usuari t\u00e9 dret a revocar el seu consentiment en qualsevol moment sense que aix\u00f2 afecti la licitud del tractament basat en el consentiment previ a la seva retirada.<\/li>\n<li><strong>Destinataris<\/strong>: Les dades personals obtingudes a trav\u00e9s del lloc web no seran comunicades a tercers, excepte obligaci\u00f3 legal i en aquells casos en els quals les consultes o comentaris vagin dirigits a una de les entitats promotores del programa BCU, podrem remetre\u2019ls-hi a aquestes entitats.<\/li>\n<li><strong>Conservaci\u00f3<\/strong>: Es conservaran mentre siguin necess\u00e0ries per a tal fi i existeixi obligaci\u00f3 legal de conservaci\u00f3, i dins dels terminis de prescripci\u00f3 de responsabilitats legals.<\/li>\n<li>Amb la finalitat d\u2019obtenir informaci\u00f3 de l\u2019\u00fas del lloc web, s\u2019analitzen el nombre de p\u00e0gines visitades, el nombre de visites, aix\u00ed com l\u2019activitat dels visitants i la seva freq\u00fc\u00e8ncia d\u2019utilitzaci\u00f3. A aquest efecte, utilitzem informaci\u00f3 estad\u00edstica elaborada pels nostres prove\u00efdors de serveis d\u2019Internet. Podr\u00e0 veure tota la informaci\u00f3 relativa a aquest tractament en la nostra Pol\u00edtica de galetes.<\/li>\n<\/ul>\n<p><\/p>\n<h1><strong>Drets<\/strong><\/h1>\n<p><\/p>\n<p>Pots exercir els drets d\u2019acc\u00e9s, rectificaci\u00f3, supressi\u00f3, portabilitat, limitaci\u00f3 i oposici\u00f3 adre\u00e7ant-se per escrit al Responsable al carrer Baldiri Reixac 2, 08028, Barcelona \u2013 Correu electr\u00f2nic fbg@fbg.ub.edu, amb c\u00f2pia a <a href=\"mailto:info@bcu.cat\">info@bcu.cat<\/a>, o al delegat de protecci\u00f3 de dades a dpd@fbg.ub.edu. En cas de disconformitat amb el tractament, tamb\u00e9 t\u00e9 dret a presentar una reclamaci\u00f3 davant l\u2019Autoritat Catalana de Protecci\u00f3 de Dades (<a href=\"https:\/\/apdcat.gencat.cat\/\">https:\/\/apdcat.gencat.cat\/<\/a>).<\/p>\n<p><\/p>\n<p>Tamb\u00e9 pots exercir els teus drets adre\u00e7ant una comunicaci\u00f3 a qualsevol dels corresponsables a trav\u00e9s dels mitjans posats a disposici\u00f3 per aquestes entitats a les seves respectives pol\u00edtiques de privacitat:<\/p>\n<p><\/p>\n<ul>\n<li><a href=\"https:\/\/seuelectronica.ajuntament.barcelona.cat\/ca\/proteccio-de-dades\">Ajuntament de Barcelona<\/a>,<\/li>\n<li><a href=\"https:\/\/web.gencat.cat\/ca\/ajuda\/avis_legal\/#privacitat--politica-de-proteccio-de-dades-de-caracter-personal-del-web-gencat\">Administraci\u00f3 de la Generalitat de Catalunya<\/a>,<\/li>\n<li><a href=\"https:\/\/web.ub.edu\/avis-legal\">Universitat de Barcelona<\/a>,<\/li>\n<li><a href=\"https:\/\/www.uab.cat\/web\/coneix-la-uab-cei\/itineraris\/proteccio-de-dades-1345668257177.html\">Universitat Aut\u00f2noma de Barcelona<\/a>,<\/li>\n<li><a href=\"https:\/\/www.upc.edu\/ca\/avis-legal\/condicions-dus-i-privacitat\">Universitat Polit\u00e8cnica de Catalunya<\/a>,<\/li>\n<li><a href=\"https:\/\/www.upf.edu\/web\/guest\/avis-legal\">Universitat Pompeu Fabra<\/a>,<\/li>\n<li><a href=\"https:\/\/www.url.edu\/ca\/proteccio-de-dades-de-caracter-personal\">Universitat Ramon Llull<\/a>,<\/li>\n<li><a href=\"https:\/\/www.uic.es\/ca\/privacitat-i-proteccio-de-dades\">Universitat Internacional de Catalunya<\/a>,<\/li>\n<li><a href=\"https:\/\/www.uaoceu.es\/ca\/politica-de-privacitat\">Universitat Abat Oliba CEU<\/a>,<\/li>\n<li><a href=\"https:\/\/www.uvic.cat\/avis-legal-i-proteccio-de-dades\">Universitat de Vic \u2013 Universitat Central de Catalunya<\/a><\/li>\n<\/ul>\n<p><\/p>\n<p><strong>Pol\u00edtica de protecci\u00f3 de menors<\/strong><\/p>\n<p><\/p>\n<p>Qui facilita les dades a trav\u00e9s dels formularis d\u2019aquesta Web i accepta el seu tractament declara formalment ser major de 14 anys.<\/p>\n<p><\/p>\n<p>FBG recorda a les persones majors d\u2019edat que tinguin al seu c\u00e0rrec a menors, que ser\u00e0 de la seva exclusiva responsabilitat si algun menor incorpora les seves dades per sol\u00b7licitar algun producte o servei.<\/p>\n<p><\/p>\n<p>Tamb\u00e9 els informa que existeixen programes inform\u00e0tics per acotar la navegaci\u00f3 mitjan\u00e7ant el filtre o bloqueig a determinats continguts.<\/p>\n<p><\/p>\n<p><strong>Tractament derivat de l\u2019\u00fas de les xarxes socials<\/strong><\/p>\n<p><\/p>\n<p>En seguir el nostre perfil a les diferents xarxes socials que emprem, l\u2019usuari ha donat el seu consentiment per al tractament de les seves dades personals conforme a la pol\u00edtica de privacitat de la corresponent xarxa social. Igualment, l\u2019usuari consent expressament l\u2019acc\u00e9s i tractament de les dades contingudes al seu perfil per part de FBG i que les not\u00edcies publicades sobre els espais i serveis que oferim, apareguin al seu mur. La petici\u00f3 de l\u2019usuari per connectar amb nosaltres, implica necess\u00e0riament el seu consentiment per als tractaments assenyalats, essent aquesta la base legal del tractament. Les dades es conservaran mentre l\u2019interessat no sol\u00b7liciti la seva oposici\u00f3 o retiri el seu consentiment, cosa que podr\u00e0 fer en qualsevol moment.<\/p>\n<p><\/p>\n<p>Els comentaris i continguts publicats a les xarxes socials es convertiran en informaci\u00f3 p\u00fablica, per la qual cosa els usuaris hauran de tenir especial cautela quan decideixin compartir la seva informaci\u00f3 personal. FBG no es fa responsable de la informaci\u00f3 que els usuaris incorporin a les xarxes socials que gestiona. No obstant aix\u00f2, les persones, les dades de les quals es trobin publicades o incloses als comentaris, podran sol\u00b7licitar a FBG la cancel\u00b7laci\u00f3 d\u2019aquestes.<\/p>\n<p><\/p>\n<p>&nbsp;<\/p>\n<p><\/p>\n<p>&nbsp;<\/p>\n<p>[\/et_pb_text][\/et_pb_column][\/et_pb_row][\/et_pb_section]<\/p>\n","protected":false},"excerpt":{"rendered":"<p>POL\u00cdTICA DE PRIVACITAT Pol\u00edtica de privacitatEn compliment del REGLAMENT (UE) 2016\/679 DEL PARLAMENT EUROPEU I DEL CONSELL de 27 d\u2019abril de 2016, relatiu a la protecci\u00f3 de les persones f\u00edsiques pel que fa al tractament de dades personals i a la lliure circulaci\u00f3 d\u2019aquestes dades i a Llei Org\u00e0nica 3\/2018, de 5 de desembre, de [&hellip;]<\/p>\n","protected":false},"author":3,"featured_media":0,"parent":0,"menu_order":0,"comment_status":"closed","ping_status":"closed","template":"","meta":{"_et_pb_use_builder":"on","_et_pb_old_content":"","_et_gb_content_width":"","inline_featured_image":false,"footnotes":""},"class_list":["post-118138","page","type-page","status-publish","hentry"],"publishpress_future_action":{"enabled":false,"date":"2026-04-16 11:33:38","action":"change-status","newStatus":"draft","terms":[],"taxonomy":"translation_priority","extraData":[]},"publishpress_future_workflow_manual_trigger":{"enabledWorkflows":[]},"_links":{"self":[{"href":"https:\/\/bcu.cat\/ca\/wp-json\/wp\/v2\/pages\/118138","targetHints":{"allow":["GET"]}}],"collection":[{"href":"https:\/\/bcu.cat\/ca\/wp-json\/wp\/v2\/pages"}],"about":[{"href":"https:\/\/bcu.cat\/ca\/wp-json\/wp\/v2\/types\/page"}],"author":[{"embeddable":true,"href":"https:\/\/bcu.cat\/ca\/wp-json\/wp\/v2\/users\/3"}],"replies":[{"embeddable":true,"href":"https:\/\/bcu.cat\/ca\/wp-json\/wp\/v2\/comments?post=118138"}],"version-history":[{"count":7,"href":"https:\/\/bcu.cat\/ca\/wp-json\/wp\/v2\/pages\/118138\/revisions"}],"predecessor-version":[{"id":139823,"href":"https:\/\/bcu.cat\/ca\/wp-json\/wp\/v2\/pages\/118138\/revisions\/139823"}],"wp:attachment":[{"href":"https:\/\/bcu.cat\/ca\/wp-json\/wp\/v2\/media?parent=118138"}],"curies":[{"name":"wp","href":"https:\/\/api.w.org\/{rel}","templated":true}]}}