{"id":118130,"date":"2023-02-07T12:23:43","date_gmt":"2023-02-07T10:23:43","guid":{"rendered":"https:\/\/bcu.cat\/politique-de-cookies\/"},"modified":"2023-07-10T15:06:46","modified_gmt":"2023-07-10T13:06:46","slug":"politique-de-cookies","status":"publish","type":"page","link":"https:\/\/bcu.cat\/fr\/politique-de-cookies\/","title":{"rendered":"Politique de cookies"},"content":{"rendered":"<p>[et_pb_section fb_built=&#8221;1&#8243; _builder_version=&#8221;4.19.5&#8243; _module_preset=&#8221;default&#8221; background_enable_color=&#8221;off&#8221; use_background_color_gradient=&#8221;on&#8221; background_color_gradient_stops=&#8221;#090060 16%|#009ee0 100%&#8221; background_image=&#8221;https:\/\/bcu.cat\/wp-content\/uploads\/2023\/02\/politicadeprivacidad.jpg&#8221; background_position=&#8221;top_center&#8221; background_vertical_offset=&#8221;26%&#8221; background_blend=&#8221;multiply&#8221; min_height=&#8221;451px&#8221; custom_margin=&#8221;-87px||||false|false&#8221; custom_padding=&#8221;||0px|||&#8221; hover_enabled=&#8221;0&#8243; global_colors_info=&#8221;{}&#8221; sticky_enabled=&#8221;0&#8243;][et_pb_row _builder_version=&#8221;4.20.4&#8243; _module_preset=&#8221;default&#8221; custom_padding=&#8221;145px||110px||false|&#8221; hover_enabled=&#8221;0&#8243; global_colors_info=&#8221;{}&#8221; sticky_enabled=&#8221;0&#8243;][et_pb_column type=&#8221;4_4&#8243; _builder_version=&#8221;4.18.0&#8243; _module_preset=&#8221;default&#8221; global_colors_info=&#8221;{}&#8221;][et_pb_text content_tablet=&#8221;<\/p>\n<h1>CONSEILS DE S\u00c9CURIT\u00c9<\/h1>\n<p>&#8221; content_phone=&#8221;<\/p>\n<h1>CONSEILS DE S\u00c9CURIT\u00c9<\/h1>\n<p>&#8221; content_last_edited=&#8221;on|phone&#8221; _builder_version=&#8221;4.20.4&#8243; _module_preset=&#8221;default&#8221; text_font_size=&#8221;21px&#8221; header_text_color=&#8221;#FFFFFF&#8221; header_font_size=&#8221;63px&#8221; hover_enabled=&#8221;0&#8243; header_font_size_tablet=&#8221;63px&#8221; header_font_size_phone=&#8221;46px&#8221; header_font_size_last_edited=&#8221;on|phone&#8221; global_colors_info=&#8221;{}&#8221; sticky_enabled=&#8221;0&#8243;]<\/p>\n<h1>POLITIQUE EN MATI\u00c8RE DE COOKIES<\/h1>\n<p>[\/et_pb_text][\/et_pb_column][\/et_pb_row][\/et_pb_section][et_pb_section fb_built=&#8221;1&#8243; admin_label=&#8221;Logobcuhousing&#8221; _builder_version=&#8221;4.19.5&#8243; _module_preset=&#8221;default&#8221; background_color=&#8221;rgba(213,237,250,0.4)&#8221; background_image=&#8221;https:\/\/bcu.cat\/wp-content\/uploads\/2022\/10\/high-school_22.png&#8221; background_size=&#8221;initial&#8221; background_position=&#8221;top_left&#8221; background_repeat=&#8221;repeat-x&#8221; custom_padding=&#8221;18px||18px||true|&#8221; global_colors_info=&#8221;{}&#8221;][et_pb_row column_structure=&#8221;1_3,2_3&#8243; _builder_version=&#8221;4.18.0&#8243; _module_preset=&#8221;default&#8221; global_colors_info=&#8221;{}&#8221;][et_pb_column type=&#8221;1_3&#8243; _builder_version=&#8221;4.18.0&#8243; _module_preset=&#8221;default&#8221; global_colors_info=&#8221;{}&#8221;][et_pb_image src=&#8221;https:\/\/bcu.cat\/wp-content\/uploads\/2023\/06\/BCU-cookies-2.svg&#8221; title_text=&#8221;BCU-cookies&#8221; _builder_version=&#8221;4.19.5&#8243; _module_preset=&#8221;default&#8221; global_colors_info=&#8221;{}&#8221;][\/et_pb_image][\/et_pb_column][et_pb_column type=&#8221;2_3&#8243; _builder_version=&#8221;4.18.0&#8243; _module_preset=&#8221;default&#8221; global_colors_info=&#8221;{}&#8221;][et_pb_text _builder_version=&#8221;4.19.5&#8243; _module_preset=&#8221;default&#8221; header_2_text_color=&#8221;#009EE0&#8243; global_colors_info=&#8221;{}&#8221;]<\/p>\n<h4>POLITIQUE EN MATI\u00c8RE DE COOKIES<\/h4>\n<p>Un cookie est un petit fichier texte qui est stock\u00e9 dans votre navigateur lorsque vous visitez presque n&#8217;importe quelle page Web. Son utilit\u00e9 est que le Web est capable de se souvenir de votre visite lorsque vous revenez sur cette page. Les cookies stockent g\u00e9n\u00e9ralement des informations de nature technique, les pr\u00e9f\u00e9rences personnelles, la personnalisation du contenu, les statistiques d&#8217;utilisation, les liens vers les r\u00e9seaux sociaux, l&#8217;acc\u00e8s aux comptes des utilisateurs, etc. Le but du cookie est d&#8217;adapter le contenu du site Web \u00e0 votre profil et \u00e0 vos besoins, sans les cookies, les services offerts par n&#8217;importe quelle page seraient consid\u00e9rablement r\u00e9duits. Si vous souhaitez consulter plus d&#8217;informations sur ce que sont les cookies, ce qu&#8217;ils stockent, comment les \u00e9liminer, les d\u00e9sactiver, etc.<\/p>\n<h4>COOKIES UTILIS\u00c9S SUR CE SITE WEB<\/h4>\n<p>Conform\u00e9ment aux directives de l&#8217;Agence espagnole de protection des donn\u00e9es, nous proc\u00e9dons \u00e0 d\u00e9tailler l&#8217;utilisation des cookies effectu\u00e9s par ce site Web afin de vous informer le plus pr\u00e9cis\u00e9ment possible.<\/p>\n<p><strong>*Ce site Web utilise les cookies tiers suivants\u00a0:<\/strong><\/p>\n<p><strong>Nom du cookie\u00a0:<\/strong><span> <\/span>_ga<\/p>\n<p><strong>Source\u00a0:<\/strong><span> <\/span>Google Analytics<\/p>\n<p>Activez la fonction de contr\u00f4le de visite unique. La premi\u00e8re fois qu&#8217;un utilisateur entre sur le site Web de Barcelona Center Universitari via un navigateur, ce cookie sera install\u00e9. Lorsque cet utilisateur reviendra sur notre page avec le m\u00eame navigateur, le cookie consid\u00e9rera qu&#8217;il s&#8217;agit du m\u00eame utilisateur. Uniquement dans le cas o\u00f9 l&#8217;utilisateur change de navigateur, Google Analytics le consid\u00e9rera comme un autre utilisateur.<\/p>\n<p><strong>Nom du cookie\u00a0:<\/strong><span> <\/span>__utma<\/p>\n<p><strong>Source\u00a0:<\/strong><span> <\/span>Google Analytics<\/p>\n<p>Utilis\u00e9 pour distinguer les utilisateurs et les sessions. Le cookie est cr\u00e9\u00e9 lorsque la biblioth\u00e8que JavaScript est ex\u00e9cut\u00e9e et qu&#8217;il n&#8217;y a pas de cookie __utma. Le cookie est mis \u00e0 jour chaque fois que des donn\u00e9es sont envoy\u00e9es \u00e0 Google Analytics.<\/p>\n<p><strong>Nom du cookie\u00a0:<\/strong><span> <\/span>__utmb<\/p>\n<p><strong>Source\u00a0:<\/strong><span> <\/span>Google Analytics<\/p>\n<p>Utilis\u00e9 pour d\u00e9terminer de nouvelles sessions ou visites. Le cookie est cr\u00e9\u00e9 lorsque la biblioth\u00e8que JavaScript est ex\u00e9cut\u00e9e et qu&#8217;il n&#8217;y a pas de cookie __utmb. Le cookie est mis \u00e0 jour chaque fois que des donn\u00e9es sont envoy\u00e9es \u00e0 Google Analytics.<\/p>\n<p><strong>Nom du cookie\u00a0:<\/strong><span> <\/span>__utmc<\/p>\n<p><strong>Source\u00a0:<\/strong><span> <\/span>Google Analytics<\/p>\n<p>Non utilis\u00e9 dans ga.js. Il est configur\u00e9 pour interagir avec urchin.js. Auparavant, ce cookie fonctionnait conjointement avec le cookie <code>__utmb<\/code> pour d\u00e9terminer si l&#8217;utilisateur \u00e9tait dans une nouvelle session ou visite.<\/p>\n<p><strong>Nom du cookie\u00a0:<\/strong><span> <\/span>__utmz<\/p>\n<p><strong>Source\u00a0:<\/strong><span> <\/span>Google Analytics<\/p>\n<p>Stockez la source de trafic ou la campagne qui explique comment l&#8217;utilisateur est arriv\u00e9 sur le site. Le cookie est cr\u00e9\u00e9 lors de l&#8217;ex\u00e9cution de la biblioth\u00e8que JavaScript et est mis \u00e0 jour \u00e0 chaque fois que des donn\u00e9es sont envoy\u00e9es \u00e0 Google Analytics.<\/p>\n<p><strong>Nom du cookie\u00a0:<\/strong><span> <\/span>cookie_notice_accepted<\/p>\n<p><strong>Origine\u00a0:<\/strong><span> <\/span>Loi relative aux cookies<\/p>\n<p>Ce cookie enregistre la possibilit\u00e9 d&#8217;accepter les cookies dans le navigateur de l&#8217;utilisateur.<\/p>\n<h4>DESACTIVATION OU ELIMINATION DES COOKIES<\/h4>\n<p>\u00c0 tout moment, vous pouvez exercer votre droit de d\u00e9sactiver ou d&#8217;\u00e9liminer les cookies de ce site Web. Ces actions sont effectu\u00e9es diff\u00e9remment selon le navigateur que vous utilisez. Voici un<span> <\/span><a href=\"https:\/\/bcu.cat\/more-information-sobre-las-cookies\/\">guide rapide pour les navigateurs les plus populaires \u2192<\/a><\/ p ><\/p>\n<h4>REMARQUES SUPPL\u00c9MENTAIRES<\/h4>\n<p>Ni ce site Web ni ses repr\u00e9sentants l\u00e9gaux ne sont responsables du contenu ou de la v\u00e9racit\u00e9 des politiques de confidentialit\u00e9 que les tiers mentionn\u00e9s dans cette politique de cookies peuvent avoir.<\/p>\n<p>Les navigateurs Web sont les outils charg\u00e9s de stocker les cookies et \u00e0 partir de cet endroit, vous devez exercer votre droit de les supprimer ou de les d\u00e9sactiver. Ni ce site Web ni ses repr\u00e9sentants l\u00e9gaux ne peuvent garantir le traitement correct ou incorrect des cookies par les navigateurs susmentionn\u00e9s.<\/p>\n<p>Dans certains cas, il est n\u00e9cessaire d&#8217;installer des cookies pour que le navigateur n&#8217;oublie pas votre d\u00e9cision de ne pas les accepter.<\/p>\n<p>Dans le cas des cookies de Google Analytics, cette soci\u00e9t\u00e9 stocke les cookies sur des serveurs situ\u00e9s aux \u00c9tats-Unis et s&#8217;engage \u00e0 ne pas les partager avec des tiers, sauf dans les cas o\u00f9 cela est n\u00e9cessaire au fonctionnement du syst\u00e8me ou lorsque cela est requis par loi \u00e0 cet effet. Selon Google, il ne stocke pas votre adresse IP. Google Inc. est une soci\u00e9t\u00e9 adh\u00e9rant \u00e0 l&#8217;accord Safe Harbor qui garantit que toutes les donn\u00e9es transf\u00e9r\u00e9es seront trait\u00e9es avec un niveau de protection conforme \u00e0 la r\u00e9glementation europ\u00e9enne. Vous pouvez consulter des informations d\u00e9taill\u00e9es \u00e0 ce sujet dans ce <span> <\/span><a href=\"http:\/\/safeharbor.export.gov\/companyinfo.aspx?id=16626\" target=\"_blank\" rel=\"noopener\"> lien \u2192<\/a>. Si vous souhaitez des informations sur l&#8217;utilisation que Google fait des cookies, nous joignons cet autre <span> <\/span><a href=\"https:\/\/developers.google.com\/analytics\/devguides\/collection\/analyticsjs\/cookie-usage ? hl=fr&amp;csw=1\" target=\"_blank\" rel=\"noopener\">lien \u2192<\/a>.<\/p>\n<p>Pour toute question ou requ\u00eate concernant cette politique de cookies, n&#8217;h\u00e9sitez pas \u00e0 nous contacter via la section contact.<\/p>\n<p>[\/et_pb_text][\/et_pb_column][\/et_pb_row][\/et_pb_section]<\/p>\n","protected":false},"excerpt":{"rendered":"<p>POLITIQUE EN MATI\u00c8RE DE COOKIESPOLITIQUE EN MATI\u00c8RE DE COOKIES Un cookie est un petit fichier texte qui est stock\u00e9 dans votre navigateur lorsque vous visitez presque n&#8217;importe quelle page Web. Son utilit\u00e9 est que le Web est capable de se souvenir de votre visite lorsque vous revenez sur cette page. Les cookies stockent g\u00e9n\u00e9ralement des [&hellip;]<\/p>\n","protected":false},"author":3,"featured_media":0,"parent":0,"menu_order":0,"comment_status":"closed","ping_status":"closed","template":"","meta":{"_et_pb_use_builder":"on","_et_pb_old_content":"","_et_gb_content_width":"","inline_featured_image":false,"footnotes":""},"class_list":["post-118130","page","type-page","status-publish","hentry"],"publishpress_future_action":{"enabled":false,"date":"2026-04-12 20:31:46","action":"change-status","newStatus":"draft","terms":[],"taxonomy":"translation_priority","extraData":[]},"publishpress_future_workflow_manual_trigger":{"enabledWorkflows":[]},"_links":{"self":[{"href":"https:\/\/bcu.cat\/fr\/wp-json\/wp\/v2\/pages\/118130","targetHints":{"allow":["GET"]}}],"collection":[{"href":"https:\/\/bcu.cat\/fr\/wp-json\/wp\/v2\/pages"}],"about":[{"href":"https:\/\/bcu.cat\/fr\/wp-json\/wp\/v2\/types\/page"}],"author":[{"embeddable":true,"href":"https:\/\/bcu.cat\/fr\/wp-json\/wp\/v2\/users\/3"}],"replies":[{"embeddable":true,"href":"https:\/\/bcu.cat\/fr\/wp-json\/wp\/v2\/comments?post=118130"}],"version-history":[{"count":0,"href":"https:\/\/bcu.cat\/fr\/wp-json\/wp\/v2\/pages\/118130\/revisions"}],"wp:attachment":[{"href":"https:\/\/bcu.cat\/fr\/wp-json\/wp\/v2\/media?parent=118130"}],"curies":[{"name":"wp","href":"https:\/\/api.w.org\/{rel}","templated":true}]}}